{"id":1392,"date":"2021-09-30T22:24:13","date_gmt":"2021-09-30T22:24:13","guid":{"rendered":"https:\/\/lacroixaumaitre.com\/?page_id=1392"},"modified":"2021-10-01T08:09:41","modified_gmt":"2021-10-01T08:09:41","slug":"rental-for-2-persons-with-swimming-pool-between-auxerre-chablis-and-vezelay","status":"publish","type":"page","link":"https:\/\/lacroixaumaitre.com\/index.php\/rental-for-2-persons-with-swimming-pool-between-auxerre-chablis-and-vezelay\/?lang=en","title":{"rendered":"Rental for 2 persons with swimming pool between Auxerre, Chablis and Vezelay"},"content":{"rendered":"\t\t<div data-elementor-type=\"wp-page\" data-elementor-id=\"1392\" class=\"elementor elementor-1392\">\n\t\t\t\t\t\t<div class=\"elementor-inner\">\n\t\t\t\t<div class=\"elementor-section-wrap\">\n\t\t\t\t\t\t\t\t\t<section class=\"elementor-section elementor-top-section elementor-element elementor-element-3bfbcf79 elementor-section-stretched elementor-section-boxed elementor-section-height-default elementor-section-height-default\" data-id=\"3bfbcf79\" data-element_type=\"section\" data-settings=\"{&quot;stretch_section&quot;:&quot;section-stretched&quot;,&quot;background_background&quot;:&quot;classic&quot;}\">\n\t\t\t\t\t\t<div class=\"elementor-container elementor-column-gap-default\">\n\t\t\t\t\t\t\t<div class=\"elementor-row\">\n\t\t\t\t\t<div class=\"elementor-column elementor-col-100 elementor-top-column elementor-element elementor-element-40085c8b\" data-id=\"40085c8b\" data-element_type=\"column\">\n\t\t\t<div class=\"elementor-column-wrap elementor-element-populated\">\n\t\t\t\t\t\t\t<div class=\"elementor-widget-wrap\">\n\t\t\t\t\t\t<div class=\"elementor-element elementor-element-a060604 elementor-widget elementor-widget-heading\" data-id=\"a060604\" data-element_type=\"widget\" data-widget_type=\"heading.default\">\n\t\t\t\t<div class=\"elementor-widget-container\">\n\t\t\t<span class=\"elementor-heading-title elementor-size-default\">In the heart of the vineyards, between Paris and Dijon, in Burgundy<\/span>\t\t<\/div>\n\t\t\t\t<\/div>\n\t\t\t\t<div class=\"elementor-element elementor-element-4ca1102f elementor-widget elementor-widget-text-editor\" data-id=\"4ca1102f\" data-element_type=\"widget\" data-widget_type=\"text-editor.default\">\n\t\t\t\t<div class=\"elementor-widget-container\">\n\t\t\t\t\t\t\t\t<div class=\"elementor-text-editor elementor-clearfix\">\n\t\t\t\t<p>Our accommodation is located in Burgundy, between Paris and Dijon, 15 minutes from Auxerre and 30 minutes from Chablis and Vezelay. In the heart of the winegrowing village of Coulanges-la-Vineuse, our 18th century house offers an independent rental for 2 people.<\/p><p>Spacious and comfortable, the room has a double bed of very good comfort (Queen Size, 160 x 200 cm, 63&#215;79 inches), a bathroom, private toilets and a kitchen (on the first floor).<\/p><p>An outdoor heated swimming pool, shared with the owners, is available in the summer, in a closed garden with obvious charm.<\/p><p>Renovated in the Burgundian tradition, the rental combines the old and the contemporary to welcome travelers, tourists,or hikers.<\/p>\t\t\t\t\t<\/div>\n\t\t\t\t\t\t<\/div>\n\t\t\t\t<\/div>\n\t\t\t\t\t\t<\/div>\n\t\t\t\t\t<\/div>\n\t\t<\/div>\n\t\t\t\t\t\t\t\t<\/div>\n\t\t\t\t\t<\/div>\n\t\t<\/section>\n\t\t\t\t<section class=\"elementor-section elementor-top-section elementor-element elementor-element-b06c9c1 elementor-section-stretched elementor-section-boxed elementor-section-height-default elementor-section-height-default\" data-id=\"b06c9c1\" data-element_type=\"section\" data-settings=\"{&quot;stretch_section&quot;:&quot;section-stretched&quot;,&quot;background_background&quot;:&quot;classic&quot;}\">\n\t\t\t\t\t\t<div class=\"elementor-container elementor-column-gap-default\">\n\t\t\t\t\t\t\t<div class=\"elementor-row\">\n\t\t\t\t\t<div class=\"elementor-column elementor-col-100 elementor-top-column elementor-element elementor-element-20818e6\" data-id=\"20818e6\" data-element_type=\"column\">\n\t\t\t<div class=\"elementor-column-wrap elementor-element-populated\">\n\t\t\t\t\t\t\t<div class=\"elementor-widget-wrap\">\n\t\t\t\t\t\t<div class=\"elementor-element elementor-element-68d1d9d elementor-widget elementor-widget-gallery\" data-id=\"68d1d9d\" data-element_type=\"widget\" data-settings=\"{&quot;gallery_layout&quot;:&quot;justified&quot;,&quot;lazyload&quot;:&quot;yes&quot;,&quot;ideal_row_height&quot;:{&quot;unit&quot;:&quot;px&quot;,&quot;size&quot;:200,&quot;sizes&quot;:[]},&quot;ideal_row_height_tablet&quot;:{&quot;unit&quot;:&quot;px&quot;,&quot;size&quot;:150,&quot;sizes&quot;:[]},&quot;ideal_row_height_mobile&quot;:{&quot;unit&quot;:&quot;px&quot;,&quot;size&quot;:150,&quot;sizes&quot;:[]},&quot;gap&quot;:{&quot;unit&quot;:&quot;px&quot;,&quot;size&quot;:10,&quot;sizes&quot;:[]},&quot;gap_tablet&quot;:{&quot;unit&quot;:&quot;px&quot;,&quot;size&quot;:10,&quot;sizes&quot;:[]},&quot;gap_mobile&quot;:{&quot;unit&quot;:&quot;px&quot;,&quot;size&quot;:10,&quot;sizes&quot;:[]},&quot;link_to&quot;:&quot;file&quot;,&quot;overlay_background&quot;:&quot;yes&quot;,&quot;content_hover_animation&quot;:&quot;fade-in&quot;}\" data-widget_type=\"gallery.default\">\n\t\t\t\t<div class=\"elementor-widget-container\">\n\t\t\t\t\t<div class=\"elementor-gallery__container\">\n\t\t\t\t\t\t\t<a class=\"e-gallery-item elementor-gallery-item elementor-animated-content\" href=\"https:\/\/lacroixaumaitre.com\/wp-content\/uploads\/2020\/01\/coulanges_01b.jpg\" data-elementor-open-lightbox=\"yes\" data-elementor-lightbox-slideshow=\"all-68d1d9d\" data-elementor-lightbox-title=\"Village de l&#039;Auxerrois : Coulanges-La-Vineuse\" data-elementor-lightbox-description=\"Piscine coulanges la vineuse chambre d&#039;hote location charme vigne chablis auxerre vezelay bourgogne\" e-action-hash=\"#elementor-action%3Aaction%3Dlightbox%26settings%3DeyJpZCI6NDg3LCJ1cmwiOiJodHRwczpcL1wvbGFjcm9peGF1bWFpdHJlLmNvbVwvd3AtY29udGVudFwvdXBsb2Fkc1wvMjAyMFwvMDFcL2NvdWxhbmdlc18wMWIuanBnIiwic2xpZGVzaG93IjoiYWxsLTY4ZDFkOWQifQ%3D%3D\">\n\t\t\t\t\t<div class=\"e-gallery-image elementor-gallery-item__image\" data-thumbnail=\"https:\/\/lacroixaumaitre.com\/wp-content\/uploads\/2020\/01\/coulanges_01b.jpg\" data-width=\"300\" data-height=\"300\" alt=\"\" ><\/div>\n\t\t\t\t\t\t\t\t\t\t\t<div class=\"elementor-gallery-item__overlay\"><\/div>\n\t\t\t\t\t\t\t\t\t\t\t\t\t\t<\/a>\n\t\t\t\t\t\t\t<a class=\"e-gallery-item elementor-gallery-item elementor-animated-content\" href=\"https:\/\/lacroixaumaitre.com\/wp-content\/uploads\/2021\/09\/20210904_135544-scaled.jpg\" data-elementor-open-lightbox=\"yes\" data-elementor-lightbox-slideshow=\"all-68d1d9d\" data-elementor-lightbox-title=\"La Croix au Maitre : le lit\" data-elementor-lightbox-description=\"La Croix au Ma\u00eetre Piscine coulanges la vineuse g\u00eete chambre d&#039;hote location charme vigne vigneron chablis auxerre vezelay bourgogne lit banc ferme tabouret atelier gaze coton parquet ancien cir\u00e9\" e-action-hash=\"#elementor-action%3Aaction%3Dlightbox%26settings%3DeyJpZCI6OTIzLCJ1cmwiOiJodHRwczpcL1wvbGFjcm9peGF1bWFpdHJlLmNvbVwvd3AtY29udGVudFwvdXBsb2Fkc1wvMjAyMVwvMDlcLzIwMjEwOTA0XzEzNTU0NC1zY2FsZWQuanBnIiwic2xpZGVzaG93IjoiYWxsLTY4ZDFkOWQifQ%3D%3D\">\n\t\t\t\t\t<div class=\"e-gallery-image elementor-gallery-item__image\" data-thumbnail=\"https:\/\/lacroixaumaitre.com\/wp-content\/uploads\/2021\/09\/20210904_135544-768x575.jpg\" data-width=\"640\" data-height=\"479\" alt=\"La Croix au Ma\u00eetre Piscine coulanges la vineuse g\u00eete chambre d&#039;hote location charme vigne vigneron chablis auxerre vezelay bourgogne lit banc ferme tabouret atelier gaze coton parquet ancien cir\u00e9 Yonne\" ><\/div>\n\t\t\t\t\t\t\t\t\t\t\t<div class=\"elementor-gallery-item__overlay\"><\/div>\n\t\t\t\t\t\t\t\t\t\t\t\t\t\t<\/a>\n\t\t\t\t\t\t\t<a class=\"e-gallery-item elementor-gallery-item elementor-animated-content\" href=\"https:\/\/lacroixaumaitre.com\/wp-content\/uploads\/2021\/09\/20210904_140024-scaled.jpg\" data-elementor-open-lightbox=\"yes\" data-elementor-lightbox-slideshow=\"all-68d1d9d\" data-elementor-lightbox-title=\"La Croix au Maitre : salle de bain\" data-elementor-lightbox-description=\"La Croix au Ma\u00eetre Piscine coulanges la vineuse g\u00eete chambre d&#039;hote location charme vigne vigneron chablis auxerre vezelay bourgogne salle de bain planche bois serviette paniette vintage lavabo\" e-action-hash=\"#elementor-action%3Aaction%3Dlightbox%26settings%3DeyJpZCI6OTI3LCJ1cmwiOiJodHRwczpcL1wvbGFjcm9peGF1bWFpdHJlLmNvbVwvd3AtY29udGVudFwvdXBsb2Fkc1wvMjAyMVwvMDlcLzIwMjEwOTA0XzE0MDAyNC1zY2FsZWQuanBnIiwic2xpZGVzaG93IjoiYWxsLTY4ZDFkOWQifQ%3D%3D\">\n\t\t\t\t\t<div class=\"e-gallery-image elementor-gallery-item__image\" data-thumbnail=\"https:\/\/lacroixaumaitre.com\/wp-content\/uploads\/2021\/09\/20210904_140024-768x408.jpg\" data-width=\"640\" data-height=\"340\" alt=\"La Croix au Ma\u00eetre Piscine coulanges la vineuse g\u00eete chambre d&#039;hote location charme vigne vigneron chablis auxerre vezelay bourgogne yonne salle de bain planche bois serviette paniette vintage lavabo\" ><\/div>\n\t\t\t\t\t\t\t\t\t\t\t<div class=\"elementor-gallery-item__overlay\"><\/div>\n\t\t\t\t\t\t\t\t\t\t\t\t\t\t<\/a>\n\t\t\t\t\t\t\t<a class=\"e-gallery-item elementor-gallery-item elementor-animated-content\" href=\"https:\/\/lacroixaumaitre.com\/wp-content\/uploads\/2020\/01\/tourisme_vin.jpg\" data-elementor-open-lightbox=\"yes\" data-elementor-lightbox-slideshow=\"all-68d1d9d\" data-elementor-lightbox-title=\"Vin yonne bourgogne\" data-elementor-lightbox-description=\"Piscine coulanges la vineuse chambre d&#039;hote location charme vigne chablis auxerre vezelay bourgogne La croix au maitre\" e-action-hash=\"#elementor-action%3Aaction%3Dlightbox%26settings%3DeyJpZCI6NDA1LCJ1cmwiOiJodHRwczpcL1wvbGFjcm9peGF1bWFpdHJlLmNvbVwvd3AtY29udGVudFwvdXBsb2Fkc1wvMjAyMFwvMDFcL3RvdXJpc21lX3Zpbi5qcGciLCJzbGlkZXNob3ciOiJhbGwtNjhkMWQ5ZCJ9\">\n\t\t\t\t\t<div class=\"e-gallery-image elementor-gallery-item__image\" data-thumbnail=\"https:\/\/lacroixaumaitre.com\/wp-content\/uploads\/2020\/01\/tourisme_vin.jpg\" data-width=\"300\" data-height=\"300\" alt=\"\" ><\/div>\n\t\t\t\t\t\t\t\t\t\t\t<div class=\"elementor-gallery-item__overlay\"><\/div>\n\t\t\t\t\t\t\t\t\t\t\t\t\t\t<\/a>\n\t\t\t\t\t\t\t<a class=\"e-gallery-item elementor-gallery-item elementor-animated-content\" href=\"https:\/\/lacroixaumaitre.com\/wp-content\/uploads\/2021\/08\/20210820_195437-2-scaled.jpg\" data-elementor-open-lightbox=\"yes\" data-elementor-lightbox-slideshow=\"all-68d1d9d\" data-elementor-lightbox-title=\"La Croix au Ma\u00eetre : hamac\" data-elementor-lightbox-description=\"La Croix au Ma\u00eetre Piscine coulanges la vineuse g\u00eete chambre d&#039;hote location charme vigne vigneron chablis auxerre vezelay bourgogne  Yonne piscine chemin\u00e9e vieille pierres hamac mondial hamac jasmin \" e-action-hash=\"#elementor-action%3Aaction%3Dlightbox%26settings%3DeyJpZCI6NzkxLCJ1cmwiOiJodHRwczpcL1wvbGFjcm9peGF1bWFpdHJlLmNvbVwvd3AtY29udGVudFwvdXBsb2Fkc1wvMjAyMVwvMDhcLzIwMjEwODIwXzE5NTQzNy0yLXNjYWxlZC5qcGciLCJzbGlkZXNob3ciOiJhbGwtNjhkMWQ5ZCJ9\">\n\t\t\t\t\t<div class=\"e-gallery-image elementor-gallery-item__image\" data-thumbnail=\"https:\/\/lacroixaumaitre.com\/wp-content\/uploads\/2021\/08\/20210820_195437-2-768x373.jpg\" data-width=\"640\" data-height=\"311\" alt=\"La Croix au Ma\u00eetre Piscine coulanges la vineuse g\u00eete chambre d&#039;hote location charme vigne vigneron chablis auxerre vezelay bourgogne Yonne piscine chemin\u00e9e vieille pierres hamac mondial hamac jasmin\" ><\/div>\n\t\t\t\t\t\t\t\t\t\t\t<div class=\"elementor-gallery-item__overlay\"><\/div>\n\t\t\t\t\t\t\t\t\t\t\t\t\t\t<\/a>\n\t\t\t\t\t\t\t<a class=\"e-gallery-item elementor-gallery-item elementor-animated-content\" href=\"https:\/\/lacroixaumaitre.com\/wp-content\/uploads\/2021\/08\/20210820_144436-2-scaled.jpg\" data-elementor-open-lightbox=\"yes\" data-elementor-lightbox-slideshow=\"all-68d1d9d\" data-elementor-lightbox-title=\"La Croix au Ma\u00eetre : la terrasse\" data-elementor-lightbox-description=\"La Croix au Ma\u00eetre Piscine coulanges la vineuse g\u00eete chambre d&#039;hote location charme vigne vigneron chablis auxerre vezelay bourgogne  Yonne piscine chemin\u00e9e vieille pierres hamac mondial hamac citronier jacotey chambard verre vin ancien bouteille chardonnay\" e-action-hash=\"#elementor-action%3Aaction%3Dlightbox%26settings%3DeyJpZCI6Nzg3LCJ1cmwiOiJodHRwczpcL1wvbGFjcm9peGF1bWFpdHJlLmNvbVwvd3AtY29udGVudFwvdXBsb2Fkc1wvMjAyMVwvMDhcLzIwMjEwODIwXzE0NDQzNi0yLXNjYWxlZC5qcGciLCJzbGlkZXNob3ciOiJhbGwtNjhkMWQ5ZCJ9\">\n\t\t\t\t\t<div class=\"e-gallery-image elementor-gallery-item__image\" data-thumbnail=\"https:\/\/lacroixaumaitre.com\/wp-content\/uploads\/2021\/08\/20210820_144436-2-768x373.jpg\" data-width=\"640\" data-height=\"311\" alt=\"La Croix au Ma\u00eetre Piscine coulanges la vineuse g\u00eete chambre d&#039;hote location charme vigne vigneron chablis auxerre vezelay bourgogne Yonne piscine chemin\u00e9e vieille pierres hamac mondial hamac citronier jacotey chambard verre vin ancien bouteille chardonnay\" ><\/div>\n\t\t\t\t\t\t\t\t\t\t\t<div class=\"elementor-gallery-item__overlay\"><\/div>\n\t\t\t\t\t\t\t\t\t\t\t\t\t\t<\/a>\n\t\t\t\t\t<\/div>\n\t\t\t<\/div>\n\t\t\t\t<\/div>\n\t\t\t\t\t\t<\/div>\n\t\t\t\t\t<\/div>\n\t\t<\/div>\n\t\t\t\t\t\t\t\t<\/div>\n\t\t\t\t\t<\/div>\n\t\t<\/section>\n\t\t\t\t<section class=\"elementor-section elementor-top-section elementor-element elementor-element-41b4959 elementor-section-stretched elementor-section-boxed elementor-section-height-default elementor-section-height-default\" data-id=\"41b4959\" data-element_type=\"section\" data-settings=\"{&quot;stretch_section&quot;:&quot;section-stretched&quot;,&quot;background_background&quot;:&quot;classic&quot;}\">\n\t\t\t\t\t\t<div class=\"elementor-container elementor-column-gap-default\">\n\t\t\t\t\t\t\t<div class=\"elementor-row\">\n\t\t\t\t\t<div class=\"elementor-column elementor-col-100 elementor-top-column elementor-element elementor-element-cff07fb\" data-id=\"cff07fb\" data-element_type=\"column\">\n\t\t\t<div class=\"elementor-column-wrap elementor-element-populated\">\n\t\t\t\t\t\t\t<div class=\"elementor-widget-wrap\">\n\t\t\t\t\t\t<div class=\"elementor-element elementor-element-e08cafd elementor-widget elementor-widget-text-editor\" data-id=\"e08cafd\" data-element_type=\"widget\" data-widget_type=\"text-editor.default\">\n\t\t\t\t<div class=\"elementor-widget-container\">\n\t\t\t\t\t\t\t\t<div class=\"elementor-text-editor elementor-clearfix\">\n\t\t\t\t<p>2 hours from Paris, an ideal location in Burgundy. Close to the Nivernais canal, between Auxerre, Chablis, Gu\u00e9delon and V\u00e9zelay, to discover the Yonne, the Puisaye and the Morvan.<\/p>\t\t\t\t\t<\/div>\n\t\t\t\t\t\t<\/div>\n\t\t\t\t<\/div>\n\t\t\t\t\t\t<\/div>\n\t\t\t\t\t<\/div>\n\t\t<\/div>\n\t\t\t\t\t\t\t\t<\/div>\n\t\t\t\t\t<\/div>\n\t\t<\/section>\n\t\t\t\t\t\t\t\t\t<\/div>\n\t\t\t<\/div>\n\t\t\t\t\t<\/div>\n\t\t","protected":false},"excerpt":{"rendered":"<p>In the heart of the vineyards, between Paris and Dijon, in Burgundy Our accommodation is located in Burgundy, between Paris and Dijon, 15 minutes from Auxerre and 30 minutes from Chablis and Vezelay. In the heart of the winegrowing village of Coulanges-la-Vineuse, our 18th century house offers an independent rental for 2 people. Spacious and &hellip; <\/p>\n<p class=\"link-more\"><a href=\"https:\/\/lacroixaumaitre.com\/index.php\/rental-for-2-persons-with-swimming-pool-between-auxerre-chablis-and-vezelay\/?lang=en\" class=\"more-link\">Continuer la lecture <span class=\"screen-reader-text\"> \u00ab\u00a0Rental for 2 persons with swimming pool between Auxerre, Chablis and Vezelay\u00a0\u00bb<\/span><\/a><\/p>\n","protected":false},"author":1,"featured_media":0,"parent":0,"menu_order":0,"comment_status":"closed","ping_status":"closed","template":"","meta":{"_monsterinsights_skip_tracking":false,"_monsterinsights_sitenote_active":false,"_monsterinsights_sitenote_note":"","_monsterinsights_sitenote_category":0,"footnotes":""},"aioseo_notices":[],"_links":{"self":[{"href":"https:\/\/lacroixaumaitre.com\/index.php\/wp-json\/wp\/v2\/pages\/1392"}],"collection":[{"href":"https:\/\/lacroixaumaitre.com\/index.php\/wp-json\/wp\/v2\/pages"}],"about":[{"href":"https:\/\/lacroixaumaitre.com\/index.php\/wp-json\/wp\/v2\/types\/page"}],"author":[{"embeddable":true,"href":"https:\/\/lacroixaumaitre.com\/index.php\/wp-json\/wp\/v2\/users\/1"}],"replies":[{"embeddable":true,"href":"https:\/\/lacroixaumaitre.com\/index.php\/wp-json\/wp\/v2\/comments?post=1392"}],"version-history":[{"count":7,"href":"https:\/\/lacroixaumaitre.com\/index.php\/wp-json\/wp\/v2\/pages\/1392\/revisions"}],"predecessor-version":[{"id":1449,"href":"https:\/\/lacroixaumaitre.com\/index.php\/wp-json\/wp\/v2\/pages\/1392\/revisions\/1449"}],"wp:attachment":[{"href":"https:\/\/lacroixaumaitre.com\/index.php\/wp-json\/wp\/v2\/media?parent=1392"}],"curies":[{"name":"wp","href":"https:\/\/api.w.org\/{rel}","templated":true}]}}